{"id":935,"date":"2022-07-05T12:40:12","date_gmt":"2022-07-05T12:40:12","guid":{"rendered":"https:\/\/www.gura.coop\/portal\/?page_id=935"},"modified":"2022-12-14T05:30:05","modified_gmt":"2022-12-14T05:30:05","slug":"comerciales","status":"publish","type":"page","link":"https:\/\/www.gura.coop\/portal\/comerciales\/","title":{"rendered":"Comerciales:"},"content":{"rendered":"<h2><span style=\"color: #333333;\">Servicio a Comerciales:<\/span><\/h2>\n<p><span style=\"color: #333333;\"><b>ATH M\u00f3vil:<\/b><\/span><br \/>\n<span style=\"color: #333333;\"> &#8211; Es el conveniente servicio para enviar y recibir dinero desde cualquier lugar, en tiempo real y a tu comodidad. <\/span><br \/>\n<span style=\"color: #333333;\"> &#8211; Enviar y recibir dinero de persona a persona desde tu celular o computadora.<\/span><br \/>\n<span style=\"color: #333333;\"> &#8211; Transferir dinero entre cuentas de diferentes bancos o cooperativas participantes.<\/span><br \/>\n<span style=\"color: #333333;\"> &#8211; Ver el balance de tus cuentas (solo de las tarjetas registradas en ATH M\u00f3vil).<\/span><br \/>\n<span style=\"color: #333333;\"> &#8211; Ver historial de las transacciones realizadas en ATH M\u00f3vil.<\/span><br \/>\n<span style=\"color: #333333;\"> &#8211; M\u00e1ximo de envi\u00f3 es de $500.00 diario.<\/span><\/p>\n<p><span style=\"color: #333333;\"><b>E-commerce Statement:<\/b><\/span><br \/>\n<span style=\"color: #333333;\"> &#8211; Podr\u00e1s recibir los Estados de Cuenta de forma r\u00e1pida y segura. <\/span><\/p>\n<p><span style=\"color: #333333;\"><b>POS<\/b><\/span><br \/>\n<span style=\"color: #333333;\"> &#8211; Te ofrecemos los puntos de venta del Suplidor de tu selecci\u00f3n con la mejor tecnolog\u00eda. <\/span><br \/>\n<span style=\"color: #333333;\"> &#8211; Este servicio permite aceptar pagos de sus clientes con tarjetas de d\u00e9bito (ATH), tarjetas de cr\u00e9dito Master Card, VISA y la Tarjeta de la familia (EBT). <\/span><br \/>\n<span style=\"color: #333333;\"> &#8211; Este servicio es exclusivo para la cuenta corriente comercial.<\/span><\/p>\n<p><span style=\"color: #333333;\"><b>M\u00e1quina de Cheques<\/b><\/span><br \/>\n<span style=\"color: #333333;\"> &#8211; En la comodidad de su negocio le instalamos m\u00e1quina para el dep\u00f3sito de cheques.<\/span><br \/>\n<span style=\"color: #333333;\"> &#8211; Costo mensual de $50.00.<\/span><\/p>\n<p><span style=\"color: #333333;\"><b>Homebanking<\/b><\/span><br \/>\n<span style=\"color: #333333;\">Homebanking es nuestro servicio de tu Cooperativa por Internet, d\u00f3nde podr\u00e1s acceder a tus cuentas de forma f\u00e1cil y conveniente en cualquier momento y en cualquier lugar. Es f\u00e1cil y seguro. Ahorra tiempo y reg\u00edstrate para que puedas:<\/span><\/p>\n<p><span style=\"color: #333333;\"> &#8211; Ver tu estado e hist\u00f3rico de cuentas y sus balances.<\/span><br \/>\n<span style=\"color: #333333;\"> &#8211; Transferir dinero entre cuentas.<\/span><br \/>\n<span style=\"color: #333333;\"> &#8211; Pagar tus pr\u00e9stamos en la Cooperativa.<\/span><br \/>\n<span style=\"color: #333333;\"> &#8211; Ver e imprimir los cheques pagados de tu cuenta de cheques.<\/span><br \/>\n<span style=\"color: #333333;\"> &#8211; Pagar los servicios de agua, luz, tel\u00e9fono y celular.<\/span><\/p>\n<p><span style=\"color: #333333;\"><b>Alertas de Transacciones mediante Mensaje de Texto y\/o Email<\/b><\/span><br \/>\n<span style=\"color: #333333;\">Te brindamos mayor seguridad al manejar tus cuentas cada vez que utilices tu tarjeta de d\u00e9bito MasterCard, recibes un mensaje de texto en tu tel\u00e9fono celular y un email indicando la transacci\u00f3n que acabas de realizar. De esta manera te sentir\u00e1s m\u00e1s seguro y podr\u00e1s estar al pendiente de tus actividades financieras.<\/span><\/p>\n<h4><span style=\"color: #333333;\">Originaci\u00f3n de Pagos y Cobros a trav\u00e9s de ACH<\/span><\/h4>\n<h5 style=\"color: #004694;\"><span style=\"color: #333333;\">Servicio de N\u00f3mina<\/span><\/h5>\n<p><span style=\"color: #333333;\">Una herramienta conveniente y vers\u00e1til, disponible 24\/7 para todos los Comerciantes que poseen cuenta con nuestra Instituci\u00f3n.<\/span><\/p>\n<p><span style=\"color: #333333;\">Beneficios:<\/span><br \/>\n<span style=\"color: #333333;\"> &#8211; Le permite colocar n\u00f3minas de empleados en forma recurrente. <\/span><br \/>\n<span style=\"color: #333333;\"> &#8211; Le permite pagar a los suplidores. <\/span><br \/>\n<span style=\"color: #333333;\"> &#8211; Mantiene hist\u00f3rico de todas las n\u00f3minas procesadas. <\/span><br \/>\n<span style=\"color: #333333;\"> &#8211; Las n\u00f3minas pueden ser exportadas a distintas aplicaciones contables para mantener control de gastos.<\/span><br \/>\n<span style=\"color: #333333;\"> &#8211; Desde su aplicaci\u00f3n Contable puede crear el archivo que luego subir\u00e1 a la plataforma de n\u00f3mina y en minutos se env\u00eda y procesa la misma.<\/span><br \/>\n<span style=\"color: #333333;\"> &#8211; Recibir\u00e1s notificaci\u00f3n via correo electr\u00f3nico de cu\u00e1ndo y porque cantidad fue procesada la n\u00f3mina.<\/span><br \/>\n<span style=\"color: #333333;\"> &#8211; Todos sus empleados recibir\u00e1n una notificaci\u00f3n cuando se acredite el pago.<\/span><br \/>\n<span style=\"color: #333333;\"> &#8211; F\u00e1cil de manejar, conveniente y seguro.<\/span><br \/>\n<span style=\"color: #333333;\"> &#8211; Servicio libre de costo.<\/span><\/p>\n<p><span style=\"color: #333333;\"><b>Pr\u00e9stamos Comerciales<\/b><\/span><br \/>\n<span style=\"color: #333333;\"> &#8211; Con un pr\u00e9stamo comercial puedes obtener financiamiento para expandir tu negocio, comprar propiedades y\/o equipo, y refinanciar tus deudas. <\/span><\/p>\n<p><span style=\"color: #333333;\"><b>Tarjeta de Cr\u00e9dito Comercial; Mastercard<\/b><\/span><br \/>\n<span style=\"color: #333333;\"> &#8211; Las tarjetas de cr\u00e9dito comercial proveen una l\u00ednea de cr\u00e9dito rotativo que te permite separar los gastos personales de los gastos de tu negocio. Adem\u00e1s, podr\u00edas ganar puntos por las compras de tu negocio y redimirlos por variedad de premios con el programa RECOMPENSAS de Mastercard. <\/span><\/p>\n","protected":false},"excerpt":{"rendered":"<p>Servicio a Comerciales: ATH M\u00f3vil: &#8211; Es el conveniente servicio para enviar y recibir dinero desde cualquier lugar, en tiempo real y a tu comodidad. &#8211;<span class=\"excerpt-hellip\"> [\u2026]<\/span><\/p>\n","protected":false},"author":6,"featured_media":0,"parent":0,"menu_order":0,"comment_status":"closed","ping_status":"closed","template":"","meta":[],"_links":{"self":[{"href":"https:\/\/www.gura.coop\/portal\/wp-json\/wp\/v2\/pages\/935"}],"collection":[{"href":"https:\/\/www.gura.coop\/portal\/wp-json\/wp\/v2\/pages"}],"about":[{"href":"https:\/\/www.gura.coop\/portal\/wp-json\/wp\/v2\/types\/page"}],"author":[{"embeddable":true,"href":"https:\/\/www.gura.coop\/portal\/wp-json\/wp\/v2\/users\/6"}],"replies":[{"embeddable":true,"href":"https:\/\/www.gura.coop\/portal\/wp-json\/wp\/v2\/comments?post=935"}],"version-history":[{"count":6,"href":"https:\/\/www.gura.coop\/portal\/wp-json\/wp\/v2\/pages\/935\/revisions"}],"predecessor-version":[{"id":965,"href":"https:\/\/www.gura.coop\/portal\/wp-json\/wp\/v2\/pages\/935\/revisions\/965"}],"wp:attachment":[{"href":"https:\/\/www.gura.coop\/portal\/wp-json\/wp\/v2\/media?parent=935"}],"curies":[{"name":"wp","href":"https:\/\/api.w.org\/{rel}","templated":true}]}}