{"id":595,"date":"2018-04-20T18:26:26","date_gmt":"2018-04-20T18:26:26","guid":{"rendered":"http:\/\/www.gura.coop\/portal\/?page_id=595"},"modified":"2022-07-21T13:32:09","modified_gmt":"2022-07-21T13:32:09","slug":"autos-e-hipotecas","status":"publish","type":"page","link":"https:\/\/www.gura.coop\/portal\/autos-e-hipotecas\/","title":{"rendered":"Autos e Hipotecas"},"content":{"rendered":"<p><span style=\"color: #004694;\"><b>Hipoteca:<\/b><\/span><\/p>\n<p><span style=\"color: #004694;\">&#8211; Pr\u00e9stamos Garantizado por Rural Development<\/span><br \/>\n<span style=\"color: #004694;\"> &#8211; Pr\u00e9stamos asegurados por FHA<\/span><br \/>\n<span style=\"color: #004694;\"> &#8211; Pr\u00e9stamos Garantizados por el Departamento de Asuntos de VA (Veteranos)<\/span><br \/>\n<span style=\"color: #004694;\"> &#8211; Pr\u00e9stamos asegurados por FHA para rehabilitaci\u00f3n de vivienda<\/span><br \/>\n<span style=\"color: #004694;\"> &#8211; Pr\u00e9stamos de Construcci\u00f3n<\/span><br \/>\n<span style=\"color: #004694;\"> &#8211; Pr\u00e9stamos de terreno<\/span><br \/>\n<span style=\"color: #004694;\"> &#8211; Pr\u00e9stamo de reconstrucci\u00f3n<\/span><\/p>\n<p><span style=\"color: #004694;\"><b>Autos:<\/b><\/span><\/p>\n<p><span style=\"color: #004694;\">&#8211; Autos Nuevos<\/span><br \/>\n<span style=\"color: #004694;\"> &#8211; Autos Repose\u00eddos<\/span><br \/>\n<span style=\"color: #004694;\"> &#8211; Autos Usados<\/span><br \/>\n<span style=\"color: #004694;\"> &#8211; Refinanciamiento de Auto<\/span><\/p>\n<p>&nbsp;<\/p>\n<p><span style=\"color: #3366ff;\"><strong>Wisdaly Rojas Navarro MLO1078835<\/strong><\/span><\/p>\n<p><span style=\"color: #3366ff;\"><strong>Ashlee D\u00edaz Alejandro MLO 1046492<\/strong><\/span><\/p>\n","protected":false},"excerpt":{"rendered":"<p>Hipoteca: &#8211; Pr\u00e9stamos Garantizado por Rural Development &#8211; Pr\u00e9stamos asegurados por FHA &#8211; Pr\u00e9stamos Garantizados por el Departamento de Asuntos de VA (Veteranos) &#8211; Pr\u00e9stamos asegurados<span class=\"excerpt-hellip\"> [\u2026]<\/span><\/p>\n","protected":false},"author":1,"featured_media":0,"parent":0,"menu_order":0,"comment_status":"closed","ping_status":"closed","template":"","meta":[],"_links":{"self":[{"href":"https:\/\/www.gura.coop\/portal\/wp-json\/wp\/v2\/pages\/595"}],"collection":[{"href":"https:\/\/www.gura.coop\/portal\/wp-json\/wp\/v2\/pages"}],"about":[{"href":"https:\/\/www.gura.coop\/portal\/wp-json\/wp\/v2\/types\/page"}],"author":[{"embeddable":true,"href":"https:\/\/www.gura.coop\/portal\/wp-json\/wp\/v2\/users\/1"}],"replies":[{"embeddable":true,"href":"https:\/\/www.gura.coop\/portal\/wp-json\/wp\/v2\/comments?post=595"}],"version-history":[{"count":7,"href":"https:\/\/www.gura.coop\/portal\/wp-json\/wp\/v2\/pages\/595\/revisions"}],"predecessor-version":[{"id":943,"href":"https:\/\/www.gura.coop\/portal\/wp-json\/wp\/v2\/pages\/595\/revisions\/943"}],"wp:attachment":[{"href":"https:\/\/www.gura.coop\/portal\/wp-json\/wp\/v2\/media?parent=595"}],"curies":[{"name":"wp","href":"https:\/\/api.w.org\/{rel}","templated":true}]}}