{"id":518,"date":"2018-04-16T14:17:24","date_gmt":"2018-04-16T14:17:24","guid":{"rendered":"http:\/\/www.gura.coop\/portal\/?page_id=518"},"modified":"2018-04-20T19:00:28","modified_gmt":"2018-04-20T19:00:28","slug":"como-hacerte-socio","status":"publish","type":"page","link":"https:\/\/www.gura.coop\/portal\/como-hacerte-socio\/","title":{"rendered":"C\u00f3mo hacerte socio"},"content":{"rendered":"<p><span style=\"color: #004694;\"><strong>Requisitos:<\/strong><\/span><\/p>\n<p><span style=\"color: #004694;\">&#8211; Aportaci\u00f3n de $10.00 a las acciones<\/span><br \/>\n<span style=\"color: #004694;\"> &#8211; Identificaci\u00f3n vigente con foto<\/span><br \/>\n<span style=\"color: #004694;\"> &#8211; Tarjeta de seguro social<\/span><br \/>\n<span style=\"color: #004694;\"> &#8211; Recibo de utilidad o alg\u00fan documento personal, que no tenga m\u00e1s de 30 d\u00edas de emisi\u00f3n, para validar direcci\u00f3n postal y f\u00edsica<\/span><\/p>\n","protected":false},"excerpt":{"rendered":"<p>Requisitos: &#8211; Aportaci\u00f3n de $10.00 a las acciones &#8211; Identificaci\u00f3n vigente con foto &#8211; Tarjeta de seguro social &#8211; Recibo de utilidad o alg\u00fan documento personal,<span class=\"excerpt-hellip\"> [\u2026]<\/span><\/p>\n","protected":false},"author":1,"featured_media":0,"parent":0,"menu_order":0,"comment_status":"closed","ping_status":"closed","template":"","meta":[],"_links":{"self":[{"href":"https:\/\/www.gura.coop\/portal\/wp-json\/wp\/v2\/pages\/518"}],"collection":[{"href":"https:\/\/www.gura.coop\/portal\/wp-json\/wp\/v2\/pages"}],"about":[{"href":"https:\/\/www.gura.coop\/portal\/wp-json\/wp\/v2\/types\/page"}],"author":[{"embeddable":true,"href":"https:\/\/www.gura.coop\/portal\/wp-json\/wp\/v2\/users\/1"}],"replies":[{"embeddable":true,"href":"https:\/\/www.gura.coop\/portal\/wp-json\/wp\/v2\/comments?post=518"}],"version-history":[{"count":3,"href":"https:\/\/www.gura.coop\/portal\/wp-json\/wp\/v2\/pages\/518\/revisions"}],"predecessor-version":[{"id":616,"href":"https:\/\/www.gura.coop\/portal\/wp-json\/wp\/v2\/pages\/518\/revisions\/616"}],"wp:attachment":[{"href":"https:\/\/www.gura.coop\/portal\/wp-json\/wp\/v2\/media?parent=518"}],"curies":[{"name":"wp","href":"https:\/\/api.w.org\/{rel}","templated":true}]}}