{"id":505,"date":"2018-04-11T15:24:38","date_gmt":"2018-04-11T15:24:38","guid":{"rendered":"http:\/\/www.gura.coop\/portal\/?page_id=505"},"modified":"2018-04-11T15:25:14","modified_gmt":"2018-04-11T15:25:14","slug":"hazte-socio","status":"publish","type":"page","link":"https:\/\/www.gura.coop\/portal\/hazte-socio\/","title":{"rendered":"Hazte socio"},"content":{"rendered":"<p><strong>Requisitos:<\/strong><\/p>\n<p>    &#8211; Aportaci\u00f3n de $10.00 a las acciones<br \/>\n    &#8211; ID vigente con foto<br \/>\n    &#8211; Tarjeta de seguro social<br \/>\n    &#8211; Recibo de utilidad o alg\u00fan documento personal, que no tenga m\u00e1s de 30 d\u00edas de emisi\u00f3n, para validar direcci\u00f3n postal y f\u00edsica<\/p>\n","protected":false},"excerpt":{"rendered":"<p>Requisitos: &#8211; Aportaci\u00f3n de $10.00 a las acciones &#8211; ID vigente con foto &#8211; Tarjeta de seguro social &#8211; Recibo de utilidad o alg\u00fan documento personal,<span class=\"excerpt-hellip\"> [\u2026]<\/span><\/p>\n","protected":false},"author":1,"featured_media":0,"parent":0,"menu_order":0,"comment_status":"closed","ping_status":"closed","template":"","meta":[],"_links":{"self":[{"href":"https:\/\/www.gura.coop\/portal\/wp-json\/wp\/v2\/pages\/505"}],"collection":[{"href":"https:\/\/www.gura.coop\/portal\/wp-json\/wp\/v2\/pages"}],"about":[{"href":"https:\/\/www.gura.coop\/portal\/wp-json\/wp\/v2\/types\/page"}],"author":[{"embeddable":true,"href":"https:\/\/www.gura.coop\/portal\/wp-json\/wp\/v2\/users\/1"}],"replies":[{"embeddable":true,"href":"https:\/\/www.gura.coop\/portal\/wp-json\/wp\/v2\/comments?post=505"}],"version-history":[{"count":2,"href":"https:\/\/www.gura.coop\/portal\/wp-json\/wp\/v2\/pages\/505\/revisions"}],"predecessor-version":[{"id":507,"href":"https:\/\/www.gura.coop\/portal\/wp-json\/wp\/v2\/pages\/505\/revisions\/507"}],"wp:attachment":[{"href":"https:\/\/www.gura.coop\/portal\/wp-json\/wp\/v2\/media?parent=505"}],"curies":[{"name":"wp","href":"https:\/\/api.w.org\/{rel}","templated":true}]}}