{"id":496,"date":"2018-04-09T19:48:11","date_gmt":"2018-04-09T19:48:11","guid":{"rendered":"http:\/\/www.gura.coop\/portal\/?page_id=496"},"modified":"2018-04-30T19:44:11","modified_gmt":"2018-04-30T19:44:11","slug":"cooperativismo-2","status":"publish","type":"page","link":"https:\/\/www.gura.coop\/portal\/cooperativismo-2\/","title":{"rendered":"Cooperativismo"},"content":{"rendered":"<div id=\"pl-496\"  class=\"panel-layout\" ><div id=\"pg-496-0\"  class=\"panel-grid panel-no-style\" ><div id=\"pgc-496-0-0\"  class=\"panel-grid-cell\" ><div id=\"panel-496-0-0-0\" class=\"so-panel widget panel-first-child panel-last-child\" data-index=\"0\" ><\/div><\/div><\/div><\/div>","protected":false},"excerpt":{"rendered":"<p>Cooperativismo. Es una doctrina socioecon\u00f3mica que promueve la organizaci\u00f3n de las personas para satisfacer, de manera conjunta, sus necesidades. El cooperativismo est\u00e1 presente en todos los<span class=\"excerpt-hellip\"> [\u2026]<\/span><\/p>\n","protected":false},"author":1,"featured_media":0,"parent":0,"menu_order":0,"comment_status":"closed","ping_status":"closed","template":"","meta":[],"_links":{"self":[{"href":"https:\/\/www.gura.coop\/portal\/wp-json\/wp\/v2\/pages\/496"}],"collection":[{"href":"https:\/\/www.gura.coop\/portal\/wp-json\/wp\/v2\/pages"}],"about":[{"href":"https:\/\/www.gura.coop\/portal\/wp-json\/wp\/v2\/types\/page"}],"author":[{"embeddable":true,"href":"https:\/\/www.gura.coop\/portal\/wp-json\/wp\/v2\/users\/1"}],"replies":[{"embeddable":true,"href":"https:\/\/www.gura.coop\/portal\/wp-json\/wp\/v2\/comments?post=496"}],"version-history":[{"count":8,"href":"https:\/\/www.gura.coop\/portal\/wp-json\/wp\/v2\/pages\/496\/revisions"}],"predecessor-version":[{"id":636,"href":"https:\/\/www.gura.coop\/portal\/wp-json\/wp\/v2\/pages\/496\/revisions\/636"}],"wp:attachment":[{"href":"https:\/\/www.gura.coop\/portal\/wp-json\/wp\/v2\/media?parent=496"}],"curies":[{"name":"wp","href":"https:\/\/api.w.org\/{rel}","templated":true}]}}