{"id":335,"date":"2018-01-19T19:25:50","date_gmt":"2018-01-19T19:25:50","guid":{"rendered":"http:\/\/www.gura.coop\/portal\/?page_id=335"},"modified":"2024-05-16T11:06:16","modified_gmt":"2024-05-16T11:06:16","slug":"junta-de-directores","status":"publish","type":"page","link":"https:\/\/www.gura.coop\/portal\/junta-de-directores\/","title":{"rendered":"Junta de Directores"},"content":{"rendered":"<p>[vc_row][vc_column][vc_column_text]<\/p>\n<h1 style=\"text-align: center;\"><strong>CUERPOS DIRECTIVOS<\/strong><\/h1>\n<p style=\"text-align: center;\"><strong>JUNTA DIRECTORES<\/strong><\/p>\n<p style=\"text-align: center;\">[\/vc_column_text][vc_row_inner][vc_column_inner width=&#8221;1\/6&#8243;][\/vc_column_inner][vc_column_inner width=&#8221;1\/3&#8243;][vc_column_text]<\/p>\n<p style=\"text-align: left;\"><strong>Sr. Pedro J. S\u00e1nchez Rivera<\/strong><\/p>\n<p style=\"text-align: left;\"><strong>Sr. Carlos Jurado Roque <\/strong><\/p>\n<p style=\"text-align: left;\"><strong>Sr. Alejandro P\u00e9rez Cuadrado<\/strong><\/p>\n<p style=\"text-align: left;\"><strong>Sr. Rub\u00e9n Castro Rivera<\/strong><\/p>\n<p style=\"text-align: left;\"><strong>Sra. Ana Dones Pabell\u00f3n<\/strong><\/p>\n<p style=\"text-align: left;\"><strong>Sr. F\u00e9lix G\u00f3mez R\u00edos<br \/>\n<\/strong><\/p>\n<p style=\"text-align: left;\"><strong>Sr. Jos\u00e9 R. Castro Benjam\u00edn<br \/>\n<\/strong><\/p>\n<p>[\/vc_column_text][\/vc_column_inner][vc_column_inner width=&#8221;1\/3&#8243;][vc_column_text]<\/p>\n<p style=\"text-align: left;\"><strong>Presidente<\/strong><\/p>\n<p style=\"text-align: left;\"><strong>Vicepresidente<\/strong><\/p>\n<p style=\"text-align: left;\"><strong>Tesorero<\/strong><\/p>\n<p style=\"text-align: left;\"><strong>Secretario<\/strong><\/p>\n<p style=\"text-align: left;\"><strong>Subsecretaria<\/strong><\/p>\n<p style=\"text-align: left;\"><strong>Director<\/strong><\/p>\n<p><strong>Director<\/strong>[\/vc_column_text][\/vc_column_inner][vc_column_inner width=&#8221;1\/6&#8243;][\/vc_column_inner][\/vc_row_inner][vc_column_text]<\/p>\n<h1 style=\"text-align: center;\"><\/h1>\n<p style=\"text-align: center;\"><strong>COMIT\u00c9 DE SUPERVISI\u00d3N<\/strong><\/p>\n<p>[\/vc_column_text][vc_row_inner][vc_column_inner width=&#8221;1\/6&#8243;][\/vc_column_inner][vc_column_inner width=&#8221;1\/3&#8243;][vc_column_text]<strong>Sra. Lidia E. Rivera N\u00fa\u00f1ez<br \/>\n<\/strong><\/p>\n<p><strong>Sra. Luz Salinas Seines<\/strong><\/p>\n<p>[\/vc_column_text][\/vc_column_inner][vc_column_inner width=&#8221;1\/3&#8243;][vc_column_text]<b>Presidenta<\/b><\/p>\n<p><b>Vicepresidenta<\/b>[\/vc_column_text][\/vc_column_inner][vc_column_inner width=&#8221;1\/6&#8243;][\/vc_column_inner][\/vc_row_inner][vc_column_text]<\/p>\n<h1 style=\"text-align: center;\"><\/h1>\n<p style=\"text-align: center;\"><strong>COMIT\u00c9 DE CR\u00c9DITO<\/strong><\/p>\n<p>[\/vc_column_text][vc_row_inner][vc_column_inner width=&#8221;1\/6&#8243;][\/vc_column_inner][vc_column_inner width=&#8221;1\/3&#8243;][vc_column_text]<\/p>\n<p style=\"text-align: left;\"><strong>Sr. \u00c1ngel L. Col\u00f3n D\u00edaz<\/strong><\/p>\n<p style=\"text-align: left;\"><strong>Sr. Gerardo Tapia Oquendo<\/strong><strong>\u00a0 \u00a0 <\/strong><\/p>\n<p style=\"text-align: left;\"><strong>Sr. Jos\u00e9 Castro Benjam\u00edn<br \/>\n<\/strong><\/p>\n<p>[\/vc_column_text][\/vc_column_inner][vc_column_inner width=&#8221;1\/3&#8243;][vc_column_text]<strong>Presidente<\/strong><\/p>\n<p><strong>Vicepresidente<\/strong><\/p>\n<p><strong>Secretario<\/strong>[\/vc_column_text][\/vc_column_inner][vc_column_inner width=&#8221;1\/6&#8243;][\/vc_column_inner][\/vc_row_inner][vc_column_text]<\/p>\n<h1 style=\"text-align: center;\"><\/h1>\n<p style=\"text-align: center;\"><strong>COMIT\u00c9 DE EDUCACI\u00d3N<\/strong><\/p>\n<p>[\/vc_column_text][vc_row_inner][vc_column_inner width=&#8221;1\/6&#8243;][\/vc_column_inner][vc_column_inner width=&#8221;1\/3&#8243;][vc_column_text]<\/p>\n<p style=\"text-align: left;\"><strong>Sra. Ana Dones Pabell\u00f3n<br \/>\n<\/strong><\/p>\n<p>[\/vc_column_text][\/vc_column_inner][vc_column_inner width=&#8221;1\/3&#8243;][vc_column_text]<strong>Enlace Junta Directores<\/strong>[\/vc_column_text][\/vc_column_inner][vc_column_inner width=&#8221;1\/6&#8243;][\/vc_column_inner][\/vc_row_inner][\/vc_column][\/vc_row][vc_row][vc_column][vc_column_text]<\/p>\n<h1 style=\"text-align: center;\"><\/h1>\n<p style=\"text-align: center;\"><strong>ADMINISTRACI\u00d3N<\/strong><\/p>\n<p>[\/vc_column_text][vc_row_inner][vc_column_inner width=&#8221;1\/6&#8243;][\/vc_column_inner][vc_column_inner width=&#8221;1\/3&#8243;][vc_column_text]<\/p>\n<p style=\"text-align: left;\"><strong>Sr. Jos\u00e9 J. Batalla Delgado<\/strong><\/p>\n<p><strong>Sra. Kenia Arroyo V\u00e1zquez<\/strong><\/p>\n<p><strong>Olga N. Vilches Norat<\/strong><\/p>\n<p><strong>Sra. Ana Torres Camacho<\/strong>[\/vc_column_text][\/vc_column_inner][vc_column_inner width=&#8221;1\/3&#8243;][vc_column_text]<\/p>\n<p style=\"font-weight: 400;\"><strong>Presidente Ejecutivo<\/strong><\/p>\n<p style=\"font-weight: 400;\"><strong>Vicepresidenta de Finanzas<\/strong><\/p>\n<p style=\"font-weight: 400;\"><strong>Directora de Administraci\u00f3n<\/strong><\/p>\n<p style=\"font-weight: 400;\"><strong>Gerente Sucursal<\/strong><\/p>\n<p>[\/vc_column_text][\/vc_column_inner][vc_column_inner width=&#8221;1\/6&#8243;][\/vc_column_inner][\/vc_row_inner][\/vc_column][\/vc_row][vc_row][vc_column width=&#8221;1\/2&#8243;][\/vc_column][vc_column width=&#8221;1\/2&#8243;][\/vc_column][\/vc_row]<\/p>\n","protected":false},"excerpt":{"rendered":"<p>[vc_row][vc_column][vc_column_text] CUERPOS DIRECTIVOS JUNTA DIRECTORES [\/vc_column_text][vc_row_inner][vc_column_inner width=&#8221;1\/6&#8243;][\/vc_column_inner][vc_column_inner width=&#8221;1\/3&#8243;][vc_column_text] Sr. Pedro J. S\u00e1nchez Rivera Sr. Carlos Jurado Roque Sr. Alejandro P\u00e9rez Cuadrado Sr. Rub\u00e9n Castro Rivera Sra.<span class=\"excerpt-hellip\"> [\u2026]<\/span><\/p>\n","protected":false},"author":1,"featured_media":0,"parent":0,"menu_order":0,"comment_status":"closed","ping_status":"closed","template":"","meta":[],"_links":{"self":[{"href":"https:\/\/www.gura.coop\/portal\/wp-json\/wp\/v2\/pages\/335"}],"collection":[{"href":"https:\/\/www.gura.coop\/portal\/wp-json\/wp\/v2\/pages"}],"about":[{"href":"https:\/\/www.gura.coop\/portal\/wp-json\/wp\/v2\/types\/page"}],"author":[{"embeddable":true,"href":"https:\/\/www.gura.coop\/portal\/wp-json\/wp\/v2\/users\/1"}],"replies":[{"embeddable":true,"href":"https:\/\/www.gura.coop\/portal\/wp-json\/wp\/v2\/comments?post=335"}],"version-history":[{"count":36,"href":"https:\/\/www.gura.coop\/portal\/wp-json\/wp\/v2\/pages\/335\/revisions"}],"predecessor-version":[{"id":996,"href":"https:\/\/www.gura.coop\/portal\/wp-json\/wp\/v2\/pages\/335\/revisions\/996"}],"wp:attachment":[{"href":"https:\/\/www.gura.coop\/portal\/wp-json\/wp\/v2\/media?parent=335"}],"curies":[{"name":"wp","href":"https:\/\/api.w.org\/{rel}","templated":true}]}}