{"id":16,"date":"2017-08-03T09:46:48","date_gmt":"2017-08-03T09:46:48","guid":{"rendered":"http:\/\/www.gura.coop\/portal\/?page_id=16"},"modified":"2018-04-16T14:58:06","modified_gmt":"2018-04-16T14:58:06","slug":"master-card","status":"publish","type":"page","link":"https:\/\/www.gura.coop\/portal\/master-card\/","title":{"rendered":"Master Card &#8211; Regular u Oro"},"content":{"rendered":"<h3><img loading=\"lazy\" class=\"alignnone  wp-image-524\" src=\"http:\/\/www.gura.coop\/portal\/wp-content\/uploads\/2018\/04\/Screen-Shot-2018-04-16-at-10.55.50-AM.png\" alt=\"\" width=\"731\" height=\"549\" srcset=\"https:\/\/www.gura.coop\/portal\/wp-content\/uploads\/2018\/04\/Screen-Shot-2018-04-16-at-10.55.50-AM.png 1782w, https:\/\/www.gura.coop\/portal\/wp-content\/uploads\/2018\/04\/Screen-Shot-2018-04-16-at-10.55.50-AM-300x225.png 300w, https:\/\/www.gura.coop\/portal\/wp-content\/uploads\/2018\/04\/Screen-Shot-2018-04-16-at-10.55.50-AM-768x577.png 768w, https:\/\/www.gura.coop\/portal\/wp-content\/uploads\/2018\/04\/Screen-Shot-2018-04-16-at-10.55.50-AM-1024x769.png 1024w, https:\/\/www.gura.coop\/portal\/wp-content\/uploads\/2018\/04\/Screen-Shot-2018-04-16-at-10.55.50-AM-194x146.png 194w, https:\/\/www.gura.coop\/portal\/wp-content\/uploads\/2018\/04\/Screen-Shot-2018-04-16-at-10.55.50-AM-50x38.png 50w, https:\/\/www.gura.coop\/portal\/wp-content\/uploads\/2018\/04\/Screen-Shot-2018-04-16-at-10.55.50-AM-100x75.png 100w, https:\/\/www.gura.coop\/portal\/wp-content\/uploads\/2018\/04\/Screen-Shot-2018-04-16-at-10.55.50-AM-960x720.png 960w\" sizes=\"(max-width: 731px) 100vw, 731px\" \/><\/h3>\n<h3>Desde $500 hasta $10,000<\/h3>\n<p>Disfruta de todos los beneficios que te ofrece la\u00a0<strong>tarjeta de cr\u00e9dito Master Card (Regular u Oro)\u00a0<\/strong>aceptada en\u00a0miles de establecimientos alrededor del mundo. Con ella puedes hacer compras, pago de servicios, viajes y todo lo que ya conoces de una tarjeta de cr\u00e9dito a un bajo inter\u00e9s y 0 cuota anual. Adem\u00e1s, puedes retirar dinero en efectivo en cualquier cajero autom\u00e1tico donde veas el emblema ATH, Coop 24 y Master Card, las 24 horas del d\u00eda.<\/p>\n<h4>\u00a1Solicitala hoy y benef\u00edciate de nuestro bajo inter\u00e9s al 12.95% APR!<br \/>\n*Deber\u00e1 cumplir con un requisito min\u00edmo de $120.00 en acciones.<\/h4>\n<h3>Tarjeta MasterCard Estudiantil<\/h3>\n<p>&#8211;\u00a0Esta tarjeta tendr\u00e1 un l\u00edmite de cr\u00e9dito de $300.00 a $2,000.00.<br \/>\n&#8211; Ser estudiante de una instituci\u00f3n universitaria acreditada. Presentar copia de la matr\u00edcula pagada del semestre en que radica la solicitud de la tarjeta.<br \/>\n&#8211; Deber\u00e1 tener entre 18 y 25 a\u00f1os.<br \/>\n&#8211; Ser socio de la Cooperativa, podr\u00e1 hacerse socio al momento de solicitar la tarjeta o con la aprobaci\u00f3n de la tarjeta.<br \/>\n&#8211; Deber\u00e1 cumplir con un requisito min\u00edmo de $120.00 en acciones. La aportaci\u00f3n en acciones puede ser depositada por el estudiante o debitada a la t\u00e1rjeta de cr\u00e9dito una vez aprovada y emitida el pl\u00e1stico.<br \/>\n&#8211; Deber\u00e1 tener el consentimiento de los padres o tutores legales en aquellos casos que el solicitante sea menor de 21 a\u00f1os.<br \/>\n&#8211; Recibir ingreso mensual o codeudor.<\/p>\n","protected":false},"excerpt":{"rendered":"<p>Desde $500 hasta $10,000 Disfruta de todos los beneficios que te ofrece la\u00a0tarjeta de cr\u00e9dito Master Card (Regular u Oro)\u00a0aceptada en\u00a0miles de establecimientos alrededor del mundo.<span class=\"excerpt-hellip\"> [\u2026]<\/span><\/p>\n","protected":false},"author":1,"featured_media":0,"parent":0,"menu_order":0,"comment_status":"closed","ping_status":"closed","template":"","meta":[],"_links":{"self":[{"href":"https:\/\/www.gura.coop\/portal\/wp-json\/wp\/v2\/pages\/16"}],"collection":[{"href":"https:\/\/www.gura.coop\/portal\/wp-json\/wp\/v2\/pages"}],"about":[{"href":"https:\/\/www.gura.coop\/portal\/wp-json\/wp\/v2\/types\/page"}],"author":[{"embeddable":true,"href":"https:\/\/www.gura.coop\/portal\/wp-json\/wp\/v2\/users\/1"}],"replies":[{"embeddable":true,"href":"https:\/\/www.gura.coop\/portal\/wp-json\/wp\/v2\/comments?post=16"}],"version-history":[{"count":6,"href":"https:\/\/www.gura.coop\/portal\/wp-json\/wp\/v2\/pages\/16\/revisions"}],"predecessor-version":[{"id":525,"href":"https:\/\/www.gura.coop\/portal\/wp-json\/wp\/v2\/pages\/16\/revisions\/525"}],"wp:attachment":[{"href":"https:\/\/www.gura.coop\/portal\/wp-json\/wp\/v2\/media?parent=16"}],"curies":[{"name":"wp","href":"https:\/\/api.w.org\/{rel}","templated":true}]}}