{"id":10,"date":"2017-08-03T09:46:31","date_gmt":"2017-08-03T09:46:31","guid":{"rendered":"http:\/\/www.gura.coop\/portal\/?page_id=10"},"modified":"2021-03-25T15:08:23","modified_gmt":"2021-03-25T15:08:23","slug":"cuentas","status":"publish","type":"page","link":"https:\/\/www.gura.coop\/portal\/cuentas\/","title":{"rendered":"Cuentas"},"content":{"rendered":"<p>[vc_row][vc_column][vc_column_text]<\/p>\n<h2>Cuenta de Acciones<\/h2>\n<p>\u00bfSabias que como socio obtienes m\u00e1s? En Gura-Coop le ofrecemos a los socios los mejores productos y servicios financieros dise\u00f1ados para satisfacer todas sus necesidades. Nuestros socios a diferencia\u00a0de clientes de Instituciones Bancarias ganan m\u00e1s en sus cuentas de dep\u00f3sitos y pagan menos por los costos en productos y servicios. Abre tu cuenta de socio y comienza a disfrutar de los beneficios que tenemos para ti:<\/p>\n<p>&#8211;\u00a0Con un dep\u00f3sito m\u00ednimo de $10.00 y un m\u00ednimo de $120.00 en acciones al a\u00f1o<br \/>\n&#8211; Acceso a otorgaci\u00f3n de pr\u00e9stamos (sujeto a aprobaci\u00f3n de cr\u00e9dito)<br \/>\n&#8211; Seguro funeral (sujeto a requisitos de elegibilidad)<br \/>\n&#8211; Dividendos y patrocinio anualmente en tu cuenta de acciones<\/p>\n<p>Esta instituci\u00f3n no est\u00e1 asegurada por el Gobierno Federal. Las acciones y dep\u00f3sitos est\u00e1n asegurados hasta $250,000 d\u00f3lares,\u00a0 por COSSEC.<\/p>\n<p>&nbsp;<\/p>\n<div id=\"ahorros\" class=\"offset\"><\/div>\n<h2>Cuenta de Ahorro<\/h2>\n<h4>Ahorro Regular<\/h4>\n<p>Esta cuenta se ofrece tanto a socios como a no socios. Te pagamos un atractivo inter\u00e9s computado y acreditado mensualmente. Se requiere dep\u00f3sito m\u00ednimo inicial de $10.00. Beneficios:<\/p>\n<p>-0 cargos por servicio en tu cuenta de ahorro<\/p>\n<p>-Acceso a nuestra ATH*<\/p>\n<p>-Transferencias autom\u00e1ticas a tu cuenta de cheque o ahorro.<\/p>\n<p>-Dep\u00f3sito Directo<\/p>\n<p>*Cargo m\u00ednimo mensual para socio $2.00, no socio $10.00<\/p>\n<p>*Balance m\u00ednimo requerido para obtener el porcentaje divulgado, los intereses se computan a base del promedio diario y se acreditan mensualmente.<\/p>\n<p>Esta instituci\u00f3n no est\u00e1 asegurada por el Gobierno Federal, las acciones y dep\u00f3sitos est\u00e1n asegurados hasta $250,000 d\u00f3lares, por COSSEC.<\/p>\n<p><strong>Ahorro Dos Pinos<\/strong><\/p>\n<p>Magn\u00edfica cuenta que te permite ahorrar de manera controlada. No tiene cargos por servicio.\u00a0 Te pagamos el inter\u00e9s m\u00e1s alto disponible, computado diariamente\u00a0y acreditado mensualmente.\u00a0No obtienes\u00a0ATH por lo que hacerte ahorrar ser\u00e1 m\u00e1s f\u00e1cil. \u00a0Puedes abrir tu cuenta Dos Pinos con tan solo $100.00.<\/p>\n<p>*balance m\u00ednimo requerido para obtener el porcentaje divulgado, per\u00edodo de interes de su cuenta es mensual.<\/p>\n<p>Esta instituci\u00f3n no esta asegurada por el Gobierno Federal.\u00a0 Las acciones y dep\u00f3sitos est\u00e1n asegurados hasta $250,000 d\u00f3lares por COSSEC.<\/p>\n<p>&nbsp;<\/p>\n<h3>Cuentas de Cheque Regular<\/h3>\n<p>Es la cuenta de cheque m\u00e1s completa que t\u00fa necesitas. La Cuenta de cheques te ofrece los siguientes beneficios:<\/p>\n<p>&#8211; Transferencias autom\u00e1ticas\u00a0desde \u00a0tu\u00a0cuenta de cheque\u00a0a ahorro.<br \/>\n&#8211; Un dep\u00f3sito inicial de tan solo $100.00<br \/>\n&#8211; No tiene l\u00edmite de cheques.<br \/>\n&#8211; Acceso a la tarjeta ATH<br \/>\n&#8211; L\u00ednea de cr\u00e9dito como reserva hasta $10,000 (sujeto a aprobaci\u00f3n de cr\u00e9dito)<\/p>\n<p>Esta instituci\u00f3n no est\u00e1 asegurada por el Gobierno Federal. Las acciones y dep\u00f3sitos est\u00e1n asegurados hasta $250,000 d\u00f3lares por COSSEC.<\/p>\n<p>&nbsp;<\/p>\n<h3>Cuentas de Cheque Comercial<\/h3>\n<p>Nuestra cuenta de cheque comercial te ofrece beneficios que no encuentras en la banca comercial. Los costos de los cargos por servicios son m\u00ednimos. Puedes transferir dinero de tu cuenta de ahorro a tu cuenta de cheques. El dep\u00f3sito inicial para la apertura de la cuenta es de $250.00<\/p>\n<p>Esta instituci\u00f3n no est\u00e1 asegurada por el Gobierno Federal. Las acciones y dep\u00f3sitos est\u00e1n asegurados hasta $250,000 d\u00f3lares por COSSEC.<\/p>\n<p>&nbsp;<\/p>\n<h3>Cuentas de Ni\u00f1o Gurab\u00edn<\/h3>\n<p>Ens\u00e9\u00f1ale a tus ni\u00f1os la importancia del ahorro. \u00c1brele una Cuenta Gurab\u00edn. Los beneficios y caracteristicas son las siguientes:<\/p>\n<p>&#8211; La cuenta se origina hasta la edad de 18 a\u00f1os.<br \/>\n&#8211; Requiere un dep\u00f3sito inicial de $10.00.<br \/>\n&#8211; 0 cargos por servicio<br \/>\n&#8211; Al originar la cuenta se le entregar\u00e1 una alcanc\u00eda perteneciente al Club Gurab\u00edn.<\/p>\n<p>-Acceso a ATH*<\/p>\n<p>-Dep\u00f3sito Directo<\/p>\n<p>*ATH es custodiada y autorizada por el tutor de la cuenta Gurab\u00edn<\/p>\n<p>Esta instituci\u00f3n no est\u00e1 asegurada por el Gobierno Federal.\u00a0 Las acciones y dep\u00f3sitos est\u00e1n asegurados hasta $250,000 d\u00f3lares por COSSEC.<\/p>\n<p>&nbsp;<\/p>\n<div id=\"naviclub\" class=\"offset\"><\/div>\n<h3>Cuentas de Ahorro Navide\u00f1o (Navi-Club)<\/h3>\n<p>Magn\u00edfica cuenta de ahorro que le permite planificar para los gastos de la \u00e9poca Navide\u00f1a. T\u00fa estableces la cantidad a depositar y la frecuencia mediante transferencia si as\u00ed lo deseas. No requiere balance m\u00ednimo de apertura y la cuenta genera un atractivo inter\u00e9s. El ciclo comienza el 1 de noviembre de cada a\u00f1o y finaliza el 31 de octubre del siguiente a\u00f1o. *L\u00edmite de dep\u00f3sito en la cuenta es hasta $10,000 d\u00f3lares.<\/p>\n<p>*Frecuencia del dep\u00f3sito puede ser\u00a0semanal, bisemanal, quincenal o mensual. Cantidad m\u00e1xima de\u00a0dep\u00f3sito es hasta $10,000. *<\/p>\n<p>Esta instituci\u00f3n no est\u00e1 asegurada por el Gobierno Federal. Las acciones y dep\u00f3sitos est\u00e1n asegurados hasta $250,000 d\u00f3lares por COSSEC.<\/p>\n<p>&nbsp;<\/p>\n<div id=\"veracoop\" class=\"offset\"><\/div>\n<h3>Cuentas de Ahorro Vacacional (Vera-Coop)<\/h3>\n<p>Prep\u00e1rate para las\u00a0pr\u00f3ximas vacaciones de verano, el mejor Summer Club est\u00e1 en Gura-Coop. Abre la cuenta de\u00a0Vera-Coop. T\u00fa estableces cantidad y frecuencia de tus dep\u00f3sitos. Recibes el mejor inter\u00e9s anual al finalizar el ciclo. No se cobran cargos por servicios y puedes depositar directamente o autorizar que se te descuente de tu salario.<\/p>\n<p>*Frecuencia del dep\u00f3sito puede ser\u00a0semanal, bisemanal, quincenal o mensual. Cantidad m\u00e1xima de dep\u00f3sito es hasta $10,000<\/p>\n<p>Esta instituci\u00f3n no est\u00e1 asegurada por el Gobierno Federal. Las acciones y dep\u00f3sitos est\u00e1n asegurados hasta $250,000 d\u00f3lares por COSSEC.<\/p>\n<div id=\"cds\" class=\"offset\"><\/div>\n<h3>Certificados de Ahorro (CD&#8217;s)<\/h3>\n<p>En Gura-Coop tu certificado de ahorro te rinde m\u00e1s que en la banca comercial. Devenga un alto inter\u00e9s fijo, establecido al momento de la apertura hasta el vencimiento. El inter\u00e9s es de acuerdo a la cantidad depositada y el t\u00e9rmino que se establece para el Certificado en la Cooperativa. Se requiere un dep\u00f3sito m\u00ednimo de $1,000 para abrir la cuenta.<\/p>\n<p>Esta instituci\u00f3n no est\u00e1 asegurada por el Gobierno Federal. Las acciones y dep\u00f3sitos est\u00e1n asegurados hasta $250,000 d\u00f3lares por COSSEC.[\/vc_column_text][\/vc_column][\/vc_row]<\/p>\n","protected":false},"excerpt":{"rendered":"<p>[vc_row][vc_column][vc_column_text] Cuenta de Acciones \u00bfSabias que como socio obtienes m\u00e1s? En Gura-Coop le ofrecemos a los socios los mejores productos y servicios financieros dise\u00f1ados para satisfacer<span class=\"excerpt-hellip\"> [\u2026]<\/span><\/p>\n","protected":false},"author":1,"featured_media":0,"parent":0,"menu_order":0,"comment_status":"closed","ping_status":"closed","template":"","meta":[],"_links":{"self":[{"href":"https:\/\/www.gura.coop\/portal\/wp-json\/wp\/v2\/pages\/10"}],"collection":[{"href":"https:\/\/www.gura.coop\/portal\/wp-json\/wp\/v2\/pages"}],"about":[{"href":"https:\/\/www.gura.coop\/portal\/wp-json\/wp\/v2\/types\/page"}],"author":[{"embeddable":true,"href":"https:\/\/www.gura.coop\/portal\/wp-json\/wp\/v2\/users\/1"}],"replies":[{"embeddable":true,"href":"https:\/\/www.gura.coop\/portal\/wp-json\/wp\/v2\/comments?post=10"}],"version-history":[{"count":15,"href":"https:\/\/www.gura.coop\/portal\/wp-json\/wp\/v2\/pages\/10\/revisions"}],"predecessor-version":[{"id":771,"href":"https:\/\/www.gura.coop\/portal\/wp-json\/wp\/v2\/pages\/10\/revisions\/771"}],"wp:attachment":[{"href":"https:\/\/www.gura.coop\/portal\/wp-json\/wp\/v2\/media?parent=10"}],"curies":[{"name":"wp","href":"https:\/\/api.w.org\/{rel}","templated":true}]}}